{"id":18984,"date":"2024-03-12T13:29:35","date_gmt":"2024-03-12T17:29:35","guid":{"rendered":"https:\/\/juliaenvios.com\/conditions-generales\/"},"modified":"2024-09-23T11:04:15","modified_gmt":"2024-09-23T15:04:15","slug":"conditions-generales","status":"publish","type":"page","link":"https:\/\/juliaenvios.com\/fr\/conditions-generales\/","title":{"rendered":"CONDITIONS G\u00c9N\u00c9RALES"},"content":{"rendered":"\n<p><strong>Ces conditions d&rsquo;utilisation sont valables \u00e0 partir de f\u00e9vrier 2024.<\/strong><\/p>\n\n<p>Julia env\u00edos, entit\u00e9 juridique de droit priv\u00e9, d\u00e9crit, \u00e0 travers ce document, les r\u00e8gles d&rsquo;utilisation du site web juliaenvios.com et de tout autre site web, boutique ou application exploit\u00e9e par le propri\u00e9taire.<\/p>\n\n<p>En naviguant sur cette application, vous acceptez les conditions d&rsquo;utilisation suivantes.<\/p>\n\n<p>Si vous n&rsquo;acceptez pas les termes de cet accord, nous vous demandons de ne plus utiliser cette application, et encore moins de vous enregistrer ou de soumettre vos donn\u00e9es personnelles.<\/p>\n\n<p>Si nous modifions nos conditions d&rsquo;utilisation, nous publierons le nouveau texte sur cette application, avec une date de r\u00e9vision mise \u00e0 jour. Nous pouvons modifier ce document \u00e0 tout moment. <\/p>\n\n<p>En cas de modification importante des conditions du pr\u00e9sent accord, nous pouvons vous en informer en utilisant les coordonn\u00e9es que nous avons dans notre base de donn\u00e9es ou par notification.<\/p>\n\n<p>L&rsquo;utilisation de cette application apr\u00e8s les modifications signifie que vous acceptez les conditions d&rsquo;utilisation r\u00e9vis\u00e9es. Si, apr\u00e8s avoir lu la version r\u00e9vis\u00e9e, vous n&rsquo;en acceptez pas les termes, veuillez mettre fin \u00e0 votre acc\u00e8s. <\/p>\n\n<ul class=\"wp-block-list\">\n<li><strong>Section 1 &#8211; Utilisateur<\/strong><\/li>\n<\/ul>\n\n<p>L&rsquo;utilisation de cette application vous conf\u00e8re automatiquement le statut d&rsquo;utilisateur et implique votre pleine acceptation de toutes les directives et conditions contenues dans les pr\u00e9sentes conditions.<\/p>\n\n<ul class=\"wp-block-list\">\n<li><strong>Section 2 &#8211; Adh\u00e9sion \u00e0 la politique de confidentialit\u00e9<\/strong><\/li>\n<\/ul>\n\n<p>En utilisant cette application, vous acceptez d&rsquo;\u00eatre li\u00e9 par ces conditions d&rsquo;utilisation et par la version la plus r\u00e9cente de la politique de confidentialit\u00e9 de Julia Env\u00edos. Chez Julia Env\u00edos, nous donnons la priorit\u00e9 \u00e0 la s\u00e9curit\u00e9 et \u00e0 la confidentialit\u00e9 de nos clients, en veillant \u00e0 ce que leurs transactions mon\u00e9taires soient effectu\u00e9es en toute s\u00e9curit\u00e9. Cela implique un engagement ferme \u00e0 traiter correctement les donn\u00e9es personnelles fournies lors de l&rsquo;utilisation de cette application. Nous d\u00e9taillons ci-dessous les types de donn\u00e9es personnelles que nous collectons, ainsi que leur utilisation pr\u00e9vue, leur stockage et les mesures que nous mettons en \u0153uvre pour prot\u00e9ger votre vie priv\u00e9e.   <\/p>\n\n<ol class=\"wp-block-list\">\n<li><strong>Inscription obligatoire<\/strong> : Pour utiliser notre application, il est obligatoire de s&rsquo;inscrire en fournissant un email, un num\u00e9ro de t\u00e9l\u00e9phone ou en utilisant un compte Apple ou Android. Cette inscription est n\u00e9cessaire pour assurer la s\u00e9curit\u00e9 et la tra\u00e7abilit\u00e9 des transactions effectu\u00e9es via notre plateforme. <\/li>\n\n\n\n<li><strong>Exigences relatives aux transferts d&rsquo;argent <\/strong>: pour pouvoir envoyer des transferts d&rsquo;argent, vous devez d&rsquo;abord vous inscrire aupr\u00e8s de notre soci\u00e9t\u00e9 de transfert de fonds. Au cours de cette proc\u00e9dure, il vous sera demand\u00e9 de fournir une pi\u00e8ce d&rsquo;identit\u00e9 avec photo, telle qu&rsquo;un passeport ou un permis de travail. Ces documents sont utilis\u00e9s pour v\u00e9rifier votre identit\u00e9 et votre statut juridique et sont supprim\u00e9s une fois l&rsquo;enregistrement termin\u00e9, sans possibilit\u00e9 d&rsquo;acc\u00e8s sans autorisation l\u00e9gale.  <\/li>\n\n\n\n<li><strong>M\u00e9thodes de paiement s\u00e9curis\u00e9es<\/strong> : Pour effectuer le paiement des envois, des informations bancaires, telles qu&rsquo;un sp\u00e9cimen de ch\u00e8que, peuvent \u00eatre demand\u00e9es. Ces informations ne sont demand\u00e9es qu&rsquo;avec votre autorisation et sont utilis\u00e9es exclusivement pour traiter les paiements de vos envois. Vos coordonn\u00e9es bancaires sont stock\u00e9es en toute s\u00e9curit\u00e9 et ne permettent pas d&rsquo;acc\u00e9der \u00e0 des informations sensibles telles que le solde de votre compte.  <\/li>\n\n\n\n<li><strong>Informations sur le b\u00e9n\u00e9ficiaire<\/strong> : avant d&rsquo;effectuer un envoi, vous devez fournir des informations de base sur le b\u00e9n\u00e9ficiaire, notamment son nom complet, son adresse, son num\u00e9ro de t\u00e9l\u00e9phone, son lien avec la personne et l&rsquo;objet de l&rsquo;envoi. En outre, selon le mode d&rsquo;exp\u00e9dition choisi, le num\u00e9ro de compte du b\u00e9n\u00e9ficiaire sera \u00e9galement requis. Vous pourrez modifier ces informations par l&rsquo;interm\u00e9diaire de l&rsquo;application et il vous incombe de nous informer de tout changement afin de garantir la livraison correcte de l&rsquo;envoi. Ces informations sont prot\u00e9g\u00e9es et seul le client y a acc\u00e8s.   <\/li>\n\n\n\n<li><strong>V\u00e9rification des revenus<\/strong> : la soci\u00e9t\u00e9 de transfert de fonds se r\u00e9serve le droit de demander des justificatifs de revenus, tels que des fiches de paie ou des relev\u00e9s bancaires, afin de traiter votre transfert de fonds. Ces documents sont demand\u00e9s uniquement dans le but de se conformer aux r\u00e9glementations gouvernementales et de se prot\u00e9ger contre la fraude, le financement du terrorisme et le blanchiment d&rsquo;argent. Tous les envois sont v\u00e9rifi\u00e9s conform\u00e9ment aux lois applicables.  <\/li>\n\n\n\n<li><strong>Dur\u00e9e de conservation des donn\u00e9es<\/strong> : Nous ne conserverons vos donn\u00e9es personnelles que pendant la dur\u00e9e n\u00e9cessaire en vertu des lois financi\u00e8res et de s\u00e9curit\u00e9. Nous nous engageons \u00e0 ne les conserver qu&rsquo;aux fins pour lesquelles elles ont \u00e9t\u00e9 collect\u00e9es ou pour r\u00e9pondre \u00e0 vos demandes. Nous suivons la r\u00e8gle de ne conserver que ce qui est essentiel et veillons \u00e0 ne pas conserver les informations plus longtemps que n\u00e9cessaire pour nous conformer \u00e0 nos obligations l\u00e9gales.  <\/li>\n\n\n\n<li><strong>S\u00e9curit\u00e9 de l&rsquo;application <\/strong>: Vos donn\u00e9es personnelles sont stock\u00e9es en toute s\u00e9curit\u00e9 par le biais d&rsquo;un chat crypt\u00e9 dans notre application. Chaque client et agent dispose d&rsquo;un mot de passe pour garantir la s\u00e9curit\u00e9 des informations \u00e0 tout moment. <\/li>\n\n\n\n<li><strong>D\u00e9sactivation du compte <\/strong>: Vous pouvez d\u00e9sactiver votre compte \u00e0 tout moment, tant que vous n&rsquo;avez pas de solde impay\u00e9 aupr\u00e8s de Julia Envios. Cela garantit que vous pouvez vous retirer de la plateforme quand vous le souhaitez, en maintenant la transparence et la confiance dans nos services. <\/li>\n<\/ol>\n\n<p>En utilisant l&rsquo;application Julia Env\u00edos, vous confirmez votre consentement au traitement de vos donn\u00e9es personnelles conform\u00e9ment aux dispositions \u00e9nonc\u00e9es dans nos conditions d&rsquo;utilisation et notre politique de confidentialit\u00e9. Nous appr\u00e9cions la confiance que vous nous accordez et nous nous engageons \u00e0 faire de la s\u00e9curit\u00e9 et de la confidentialit\u00e9 de vos donn\u00e9es notre priorit\u00e9 absolue. <\/p>\n\n<ul class=\"wp-block-list\">\n<li><strong>Section 3 &#8211; Conditions d&rsquo;acc\u00e8s<\/strong><\/li>\n<\/ul>\n\n<p>En g\u00e9n\u00e9ral, l&rsquo;acc\u00e8s \u00e0 l&rsquo;application Julia Env\u00edos est gratuit et ne n\u00e9cessite pas d&rsquo;inscription pr\u00e9alable. Cependant, pour b\u00e9n\u00e9ficier de certaines fonctionnalit\u00e9s, l&rsquo;utilisateur doit s&rsquo;enregistrer en cr\u00e9ant un compte utilisateur avec une adresse email, un num\u00e9ro de t\u00e9l\u00e9phone, ou en utilisant un compte Apple ou Android. Cet enregistrement est obligatoire pour assurer la s\u00e9curit\u00e9 et la tra\u00e7abilit\u00e9 des transactions effectu\u00e9es sur notre plateforme.  <\/p>\n\n<p>Il est important de noter que vous \u00eates responsable de fournir des informations exactes, authentiques, valides, compl\u00e8tes et actualis\u00e9es au cours de la proc\u00e9dure d&rsquo;inscription. En outre, vous devez vous abstenir de divulguer votre nom d&rsquo;utilisateur et votre mot de passe \u00e0 des tiers, car toute activit\u00e9 effectu\u00e9e sur l&rsquo;application avec vos informations d&rsquo;identification sera consid\u00e9r\u00e9e comme relevant de votre responsabilit\u00e9. <\/p>\n\n<p>Il convient de mentionner que Julia Env\u00edos n&rsquo;est pas responsable dans le cas o\u00f9 le client perd son t\u00e9l\u00e9phone portable, est victime de piratage ou d&rsquo;autres activit\u00e9s frauduleuses li\u00e9es \u00e0 son appareil. Il est de la responsabilit\u00e9 de l&rsquo;utilisateur de prot\u00e9ger correctement ses identifiants de connexion et de maintenir un environnement s\u00e9curis\u00e9 sur son appareil mobile afin d&rsquo;\u00e9viter tout incident de s\u00e9curit\u00e9. <\/p>\n\n<ul class=\"wp-block-list\">\n<li><strong>Section 4 &#8211; Cookies<\/strong><\/li>\n<\/ul>\n\n<p>Les informations relatives \u00e0 votre utilisation de cette application peuvent \u00eatre collect\u00e9es par le biais de cookies. Les cookies sont des \u00e9l\u00e9ments d&rsquo;information qui sont stock\u00e9s directement sur l&rsquo;ordinateur que vous utilisez. Les cookies nous permettent de collecter des informations telles que le type de navigateur, le temps pass\u00e9 sur l&rsquo;application, les pages visit\u00e9es, les pr\u00e9f\u00e9rences linguistiques et d&rsquo;autres donn\u00e9es de trafic anonymes. Nos fournisseurs de services et nous-m\u00eames utilisons ces informations \u00e0 des fins de protection de la s\u00e9curit\u00e9, pour faciliter la navigation, pour afficher les informations plus efficacement et pour personnaliser votre exp\u00e9rience lors de l&rsquo;utilisation de cette application, ainsi qu&rsquo;\u00e0 des fins de suivi en ligne. Nous recueillons \u00e9galement des informations statistiques sur l&rsquo;utilisation de l&rsquo;application afin d&rsquo;am\u00e9liorer continuellement notre conception et nos fonctionnalit\u00e9s, de comprendre comment l&rsquo;application est utilis\u00e9e et de vous aider \u00e0 r\u00e9soudre les probl\u00e8mes qui se posent.    <\/p>\n\n<p>Si vous ne souhaitez pas que vos informations soient collect\u00e9es par le biais de cookies, il existe une proc\u00e9dure simple dans la plupart des navigateurs qui vous permet de refuser automatiquement les cookies ou qui vous donne la possibilit\u00e9 d&rsquo;accepter ou de refuser le transfert d&rsquo;un cookie sp\u00e9cifique (ou de cookies) d&rsquo;un site web particulier vers votre ordinateur. Toutefois, cela peut g\u00eaner votre utilisation de l&rsquo;application. <\/p>\n\n<p>Les param\u00e8tres que vous choisissez peuvent affecter votre exp\u00e9rience de navigation et le fonctionnement requis par l&rsquo;utilisation des cookies. A cet \u00e9gard, nous d\u00e9clinons toute responsabilit\u00e9 pour les cons\u00e9quences li\u00e9es au fonctionnement limit\u00e9 de cette application r\u00e9sultant de la d\u00e9sactivation des cookies sur votre appareil (impossibilit\u00e9 de d\u00e9finir ou de lire un cookie). <\/p>\n\n<ul class=\"wp-block-list\">\n<li><strong>Section 5 &#8211; Propri\u00e9t\u00e9 intellectuelle<\/strong><\/li>\n<\/ul>\n\n<p>Tous les \u00e9l\u00e9ments de Julia Env\u00edos sont la propri\u00e9t\u00e9 intellectuelle de Julia Env\u00edos ou de ses conc\u00e9dants. Ces conditions ou votre utilisation de l&rsquo;application ne vous accordent aucune licence ou droit d&rsquo;utiliser les droits de propri\u00e9t\u00e9 intellectuelle de Julia Env\u00edos ou d&rsquo;une tierce partie. <\/p>\n\n<ul class=\"wp-block-list\">\n<li><strong>Section 6 &#8211; Liens vers des sites web de tiers<\/strong><\/li>\n<\/ul>\n\n<p>Cette application peut, de temps \u00e0 autre, contenir des liens hypertextes qui vous redirigeront vers les sites web de nos partenaires, annonceurs, fournisseurs, etc. Si vous cliquez sur l&rsquo;un de ces liens vers l&rsquo;un de ces sites, veuillez noter que chaque site a ses propres pratiques en mati\u00e8re de protection de la vie priv\u00e9e et que nous ne sommes pas responsables de ces politiques. Veuillez v\u00e9rifier ces politiques avant de soumettre des donn\u00e9es personnelles \u00e0 ces sites.  <\/p>\n\n<p>Nous ne sommes pas responsables des politiques et pratiques de collecte, d&rsquo;utilisation et de divulgation (y compris les pratiques de protection des donn\u00e9es) d&rsquo;autres organisations, telles que Facebook, Apple, Google, Microsoft ou tout autre d\u00e9veloppeur de logiciels ou fournisseur d&rsquo;applications, boutique de m\u00e9dias sociaux, syst\u00e8me d&rsquo;exploitation, fournisseur d&rsquo;acc\u00e8s \u00e0 Internet ou fabricant d&rsquo;appareils, y compris les donn\u00e9es personnelles que vous divulguez \u00e0 d&rsquo;autres organisations par l&rsquo;interm\u00e9diaire des applications, en relation avec ces applications, ou publi\u00e9es sur nos r\u00e9seaux sociaux. Nous vous recommandons de vous informer sur la politique de confidentialit\u00e9 et les conditions d&rsquo;utilisation de chaque site visit\u00e9 ou fournisseur de services utilis\u00e9. <\/p>\n\n<ul class=\"wp-block-list\">\n<li><strong>Section 7 &#8211; D\u00e9lais et modifications<\/strong><\/li>\n<\/ul>\n\n<p><strong>1) Dur\u00e9e de l&rsquo;application<\/strong> : L&rsquo;application Julia Env\u00edos fonctionne ind\u00e9finiment, vous permettant d&rsquo;acc\u00e9der \u00e0 nos services \u00e0 tout moment.<\/p>\n\n<p><strong>2. R\u00e9siliation, suspension ou interruption<\/strong> : Julia Shipping se r\u00e9serve le droit de r\u00e9silier, de suspendre ou d&rsquo;interrompre l&rsquo;ensemble de l&rsquo;application ou une partie de celle-ci de mani\u00e8re unilat\u00e9rale et \u00e0 tout moment, sans pr\u00e9avis. Cette action peut \u00eatre prise pour une vari\u00e9t\u00e9 de raisons, y compris, mais sans s&rsquo;y limiter, la maintenance du syst\u00e8me, les mises \u00e0 jour de s\u00e9curit\u00e9, les changements dans la politique de l&rsquo;entreprise, ou pour des raisons l\u00e9gales ou r\u00e9glementaires. <\/p>\n\n<p><strong>3. Communication sur les changements<\/strong> : Si des changements importants sont apport\u00e9s \u00e0 l&rsquo;application ou \u00e0 ses services, Julia Envios s&rsquo;efforcera d&rsquo;en informer les utilisateurs par le biais de l&rsquo;application elle-m\u00eame, par courriel ou par d&rsquo;autres moyens de communication fournis. Cependant, il incombe \u00e0 l&rsquo;utilisateur de revoir p\u00e9riodiquement les termes et conditions de l&rsquo;application afin d&rsquo;\u00eatre au courant des mises \u00e0 jour ou des changements. <\/p>\n\n<p><strong>4. Impact sur les utilisateurs<\/strong> : En cas de fermeture, de suspension ou d&rsquo;interruption de l&rsquo;application ou de l&rsquo;une de ses sections, Julia Env\u00edos ne sera pas responsable des pertes ou des dommages que l&rsquo;utilisateur pourrait subir \u00e0 la suite de cette action. Il est conseill\u00e9 aux utilisateurs de prendre les mesures n\u00e9cessaires pour prot\u00e9ger leurs informations et donn\u00e9es personnelles en cas d&rsquo;interruption du service. <\/p>\n\n<p>Nous nous engageons \u00e0 fournir un service fiable et s\u00fbr \u00e0 nos utilisateurs, et toute modification ou interruption de l&rsquo;application sera effectu\u00e9e dans le but d&rsquo;am\u00e9liorer l&rsquo;exp\u00e9rience de l&rsquo;utilisateur et de se conformer \u00e0 nos obligations l\u00e9gales et r\u00e9glementaires.<\/p>\n\n<ul class=\"wp-block-list\">\n<li><strong>Section 8 &#8211; Contact<\/strong><\/li>\n<\/ul>\n\n<p>Si vous avez des questions ou des pr\u00e9occupations concernant les conditions d&rsquo;utilisation de notre application, n&rsquo;h\u00e9sitez pas \u00e0 nous contacter. Vous pouvez nous envoyer un courriel \u00e0 <a href=\"mailto:info@juliaenvios.com\">info@juliaenvios.com<\/a> et nous serons heureux de vous aider et de vous fournir les informations dont vous avez besoin. <\/p>\n\n<p>En outre, pour plus d&rsquo;informations sur qui nous sommes et comment vous pouvez nous contacter, nous vous invitons \u00e0 visiter notre site web \u00e0 l&rsquo;adresse <a href=\"https:\/\/juliaenvios.com\/fr\/\">https:\/\/juliaenvios.com\/<\/a>. Sur notre site, vous trouverez des d\u00e9tails suppl\u00e9mentaires sur nos services, notre entreprise et la mani\u00e8re dont vous pouvez nous contacter. Nous nous engageons \u00e0 vous fournir le meilleur service possible et sommes l\u00e0 pour vous aider \u00e0 tout moment.  <\/p>\n","protected":false},"excerpt":{"rendered":"<p>Ces conditions d&rsquo;utilisation sont valables \u00e0 partir de f\u00e9vrier 2024. Julia env\u00edos, entit\u00e9 juridique de droit priv\u00e9, d\u00e9crit, \u00e0 travers ce document, les r\u00e8gles d&rsquo;utilisation du site web juliaenvios.com et de tout autre site web, boutique ou application exploit\u00e9e par le propri\u00e9taire. En naviguant sur cette application, vous acceptez les conditions d&rsquo;utilisation suivantes. Si vous&hellip;&nbsp;<a href=\"https:\/\/juliaenvios.com\/fr\/conditions-generales\/\" rel=\"bookmark\">Lire la suite &raquo;<span class=\"screen-reader-text\">CONDITIONS G\u00c9N\u00c9RALES<\/span><\/a><\/p>\n","protected":false},"author":2,"featured_media":0,"parent":0,"menu_order":0,"comment_status":"closed","ping_status":"closed","template":"","meta":{"neve_meta_sidebar":"","neve_meta_container":"","neve_meta_enable_content_width":"","neve_meta_content_width":0,"neve_meta_title_alignment":"","neve_meta_author_avatar":"","neve_post_elements_order":"","neve_meta_disable_header":"","neve_meta_disable_footer":"","neve_meta_disable_title":"","footnotes":""},"class_list":["post-18984","page","type-page","status-publish","hentry"],"_links":{"self":[{"href":"https:\/\/juliaenvios.com\/fr\/wp-json\/wp\/v2\/pages\/18984","targetHints":{"allow":["GET"]}}],"collection":[{"href":"https:\/\/juliaenvios.com\/fr\/wp-json\/wp\/v2\/pages"}],"about":[{"href":"https:\/\/juliaenvios.com\/fr\/wp-json\/wp\/v2\/types\/page"}],"author":[{"embeddable":true,"href":"https:\/\/juliaenvios.com\/fr\/wp-json\/wp\/v2\/users\/2"}],"replies":[{"embeddable":true,"href":"https:\/\/juliaenvios.com\/fr\/wp-json\/wp\/v2\/comments?post=18984"}],"version-history":[{"count":1,"href":"https:\/\/juliaenvios.com\/fr\/wp-json\/wp\/v2\/pages\/18984\/revisions"}],"predecessor-version":[{"id":18985,"href":"https:\/\/juliaenvios.com\/fr\/wp-json\/wp\/v2\/pages\/18984\/revisions\/18985"}],"wp:attachment":[{"href":"https:\/\/juliaenvios.com\/fr\/wp-json\/wp\/v2\/media?parent=18984"}],"curies":[{"name":"wp","href":"https:\/\/api.w.org\/{rel}","templated":true}]}}